{"id":531,"date":"2019-11-03T23:09:04","date_gmt":"2019-11-03T22:09:04","guid":{"rendered":"https:\/\/www.touche-a-tout.ch\/?page_id=531"},"modified":"2021-11-18T09:34:55","modified_gmt":"2021-11-18T08:34:55","slug":"home","status":"publish","type":"page","link":"https:\/\/www.touche-a-tout.ch\/en\/","title":{"rendered":"Home"},"content":{"rendered":"<p>[et_pb_section fb_built=&#8221;1&#8243; fullwidth=&#8221;on&#8221; custom_padding_last_edited=&#8221;on|phone&#8221; _builder_version=&#8221;3.22&#8243; background_color=&#8221;#000000&#8243; custom_padding_tablet=&#8221;44px|||&#8221; custom_padding_phone=&#8221;&#8221; global_colors_info=&#8221;{}&#8221;][et_pb_fullwidth_slider show_arrows=&#8221;off&#8221; show_pagination=&#8221;off&#8221; show_image_video_mobile=&#8221;on&#8221; _builder_version=&#8221;4.0.3&#8243; header_font=&#8221;|700||on|||||&#8221; header_text_align=&#8221;center&#8221; header_text_color=&#8221;#ffffff&#8221; header_font_size=&#8221;40&#8243; parallax=&#8221;on&#8221; parallax_method=&#8221;on&#8221; auto=&#8221;on&#8221; auto_speed=&#8221;5000&#8243; auto_ignore_hover=&#8221;on&#8221; header_font_size_tablet=&#8221;35&#8243; header_font_size_phone=&#8221;27&#8243; header_font_size_last_edited=&#8221;on|desktop&#8221; custom_css_slide_image=&#8221;width:100%;||top:40%;&#8221; global_colors_info=&#8221;{}&#8221; button_text_size__hover_enabled=&#8221;off&#8221; button_one_text_size__hover_enabled=&#8221;off&#8221; button_two_text_size__hover_enabled=&#8221;off&#8221; button_text_color__hover_enabled=&#8221;off&#8221; button_one_text_color__hover_enabled=&#8221;off&#8221; button_two_text_color__hover_enabled=&#8221;off&#8221; button_border_width__hover_enabled=&#8221;off&#8221; button_one_border_width__hover_enabled=&#8221;off&#8221; button_two_border_width__hover_enabled=&#8221;off&#8221; button_border_color__hover_enabled=&#8221;off&#8221; button_one_border_color__hover_enabled=&#8221;off&#8221; button_two_border_color__hover_enabled=&#8221;off&#8221; button_border_radius__hover_enabled=&#8221;off&#8221; button_one_border_radius__hover_enabled=&#8221;off&#8221; button_two_border_radius__hover_enabled=&#8221;off&#8221; button_letter_spacing__hover_enabled=&#8221;off&#8221; button_one_letter_spacing__hover_enabled=&#8221;off&#8221; button_two_letter_spacing__hover_enabled=&#8221;off&#8221; button_bg_color__hover_enabled=&#8221;off&#8221; button_one_bg_color__hover_enabled=&#8221;off&#8221; button_two_bg_color__hover_enabled=&#8221;off&#8221;][et_pb_slide heading=&#8221;7\/7 DAYS A WEEK SERVICE&#8221; image=&#8221;https:\/\/www.touche-a-tout.ch\/wp-content\/uploads\/2018\/05\/Touche-a-tout-01_logo_400.png&#8221; use_bg_overlay=&#8221;off&#8221; use_text_overlay=&#8221;off&#8221; _builder_version=&#8221;4.0.3&#8243; header_level=&#8221;h3&#8243; header_font=&#8221;|||on|||||&#8221; background_color=&#8221;#ffffff&#8221; background_image=&#8221;https:\/\/www.touche-a-tout.ch\/wp-content\/uploads\/2018\/05\/Entretien-jardin-Chateau-doex.jpg&#8221; parallax=&#8221;on&#8221; button_on_hover=&#8221;on&#8221; custom_css_main_element=&#8221;height:100vh;&#8221; global_colors_info=&#8221;{}&#8221; button_text_size__hover_enabled=&#8221;off&#8221; button_one_text_size__hover_enabled=&#8221;off&#8221; button_two_text_size__hover_enabled=&#8221;off&#8221; button_text_color__hover_enabled=&#8221;off&#8221; button_one_text_color__hover_enabled=&#8221;off&#8221; button_two_text_color__hover_enabled=&#8221;off&#8221; button_border_width__hover_enabled=&#8221;off&#8221; button_one_border_width__hover_enabled=&#8221;off&#8221; button_two_border_width__hover_enabled=&#8221;off&#8221; button_border_color__hover_enabled=&#8221;off&#8221; button_one_border_color__hover_enabled=&#8221;off&#8221; button_two_border_color__hover_enabled=&#8221;off&#8221; button_border_radius__hover_enabled=&#8221;off&#8221; button_one_border_radius__hover_enabled=&#8221;off&#8221; button_two_border_radius__hover_enabled=&#8221;off&#8221; button_letter_spacing__hover_enabled=&#8221;off&#8221; button_one_letter_spacing__hover_enabled=&#8221;off&#8221; button_two_letter_spacing__hover_enabled=&#8221;off&#8221; button_bg_color__hover_enabled=&#8221;off&#8221; button_one_bg_color__hover_enabled=&#8221;off&#8221; button_two_bg_color__hover_enabled=&#8221;off&#8221; sticky_transition=&#8221;on&#8221;][\/et_pb_slide][et_pb_slide heading=&#8221;CLEANING &#038; MAINTENANCE&#8221; image=&#8221;https:\/\/www.touche-a-tout.ch\/wp-content\/uploads\/2018\/05\/Touche-a-tout-01_logo_400.png&#8221; use_bg_overlay=&#8221;off&#8221; use_text_overlay=&#8221;off&#8221; _builder_version=&#8221;4.0.3&#8243; header_level=&#8221;h3&#8243; header_font=&#8221;|||on|||||&#8221; body_text_align=&#8221;center&#8221; background_color=&#8221;#ffffff&#8221; background_image=&#8221;https:\/\/www.touche-a-tout.ch\/wp-content\/uploads\/2018\/05\/Clotures-Chateau-doex.jpg&#8221; parallax=&#8221;on&#8221; button_on_hover=&#8221;on&#8221; custom_css_main_element=&#8221;height:100vh;&#8221; global_colors_info=&#8221;{}&#8221; button_text_size__hover_enabled=&#8221;off&#8221; button_one_text_size__hover_enabled=&#8221;off&#8221; button_two_text_size__hover_enabled=&#8221;off&#8221; button_text_color__hover_enabled=&#8221;off&#8221; button_one_text_color__hover_enabled=&#8221;off&#8221; button_two_text_color__hover_enabled=&#8221;off&#8221; button_border_width__hover_enabled=&#8221;off&#8221; button_one_border_width__hover_enabled=&#8221;off&#8221; button_two_border_width__hover_enabled=&#8221;off&#8221; button_border_color__hover_enabled=&#8221;off&#8221; button_one_border_color__hover_enabled=&#8221;off&#8221; button_two_border_color__hover_enabled=&#8221;off&#8221; button_border_radius__hover_enabled=&#8221;off&#8221; button_one_border_radius__hover_enabled=&#8221;off&#8221; button_two_border_radius__hover_enabled=&#8221;off&#8221; button_letter_spacing__hover_enabled=&#8221;off&#8221; button_one_letter_spacing__hover_enabled=&#8221;off&#8221; button_two_letter_spacing__hover_enabled=&#8221;off&#8221; button_bg_color__hover_enabled=&#8221;off&#8221; button_one_bg_color__hover_enabled=&#8221;off&#8221; button_two_bg_color__hover_enabled=&#8221;off&#8221; sticky_transition=&#8221;on&#8221;][\/et_pb_slide][et_pb_slide heading=&#8221;7\/7 DAYS A WEEK SERVICE&#8221; image=&#8221;https:\/\/www.touche-a-tout.ch\/wp-content\/uploads\/2018\/05\/Touche-a-tout-01_logo_400.png&#8221; use_bg_overlay=&#8221;off&#8221; use_text_overlay=&#8221;off&#8221; _builder_version=&#8221;4.0.3&#8243; header_level=&#8221;h3&#8243; header_font=&#8221;|||on|||||&#8221; background_color=&#8221;#ffffff&#8221; background_image=&#8221;https:\/\/www.touche-a-tout.ch\/wp-content\/uploads\/2018\/05\/Maconnerie-Chateau-doex-1.jpg&#8221; parallax=&#8221;on&#8221; button_on_hover=&#8221;on&#8221; custom_css_main_element=&#8221;height:100vh;&#8221; global_colors_info=&#8221;{}&#8221; button_text_size__hover_enabled=&#8221;off&#8221; button_one_text_size__hover_enabled=&#8221;off&#8221; button_two_text_size__hover_enabled=&#8221;off&#8221; button_text_color__hover_enabled=&#8221;off&#8221; button_one_text_color__hover_enabled=&#8221;off&#8221; button_two_text_color__hover_enabled=&#8221;off&#8221; button_border_width__hover_enabled=&#8221;off&#8221; button_one_border_width__hover_enabled=&#8221;off&#8221; button_two_border_width__hover_enabled=&#8221;off&#8221; button_border_color__hover_enabled=&#8221;off&#8221; button_one_border_color__hover_enabled=&#8221;off&#8221; button_two_border_color__hover_enabled=&#8221;off&#8221; button_border_radius__hover_enabled=&#8221;off&#8221; button_one_border_radius__hover_enabled=&#8221;off&#8221; button_two_border_radius__hover_enabled=&#8221;off&#8221; button_letter_spacing__hover_enabled=&#8221;off&#8221; button_one_letter_spacing__hover_enabled=&#8221;off&#8221; button_two_letter_spacing__hover_enabled=&#8221;off&#8221; button_bg_color__hover_enabled=&#8221;off&#8221; button_one_bg_color__hover_enabled=&#8221;off&#8221; button_two_bg_color__hover_enabled=&#8221;off&#8221; sticky_transition=&#8221;on&#8221;][\/et_pb_slide][\/et_pb_fullwidth_slider][\/et_pb_section][et_pb_section fb_built=&#8221;1&#8243; fullwidth=&#8221;on&#8221; _builder_version=&#8221;3.22&#8243; global_colors_info=&#8221;{}&#8221;][\/et_pb_section][et_pb_section fb_built=&#8221;1&#8243; _builder_version=&#8221;3.22&#8243; custom_margin=&#8221;0px||0px|&#8221; custom_padding=&#8221;0px||0px|&#8221; global_colors_info=&#8221;{}&#8221;][et_pb_row _builder_version=&#8221;3.25&#8243; custom_margin=&#8221;0px||0px|&#8221; custom_padding=&#8221;0px||0px|&#8221; global_colors_info=&#8221;{}&#8221;][et_pb_column type=&#8221;4_4&#8243; _builder_version=&#8221;3.25&#8243; custom_padding=&#8221;0px||0px|&#8221; global_colors_info=&#8221;{}&#8221; custom_padding__hover=&#8221;|||&#8221;][et_pb_text module_class=&#8221;Titre-home&#8221; _builder_version=&#8221;4.0.3&#8243; custom_margin=&#8221;0px||0px|&#8221; custom_padding=&#8221;0px||0px|&#8221; global_colors_info=&#8221;{}&#8221;]<\/p>\n<h1 style=\"display: none !important;\">Cleaning, maintenance and concierge service in Gstaad<br \/>\n<\/h1>\n<p>[\/et_pb_text][\/et_pb_column][\/et_pb_row][\/et_pb_section][et_pb_section fb_built=&#8221;1&#8243; module_class=&#8221;bloc-services&#8221; _builder_version=&#8221;3.22&#8243; background_color=&#8221;#3d3d3d&#8221; global_colors_info=&#8221;{}&#8221;][et_pb_row column_structure=&#8221;1_3,1_3,1_3&#8243; custom_padding_last_edited=&#8221;on|desktop&#8221; _builder_version=&#8221;4.6.3&#8243; custom_margin_tablet=&#8221;||0px|&#8221; custom_margin_phone=&#8221;&#8221; custom_margin_last_edited=&#8221;on|desktop&#8221; custom_padding=&#8221;30px|||&#8221; custom_padding_tablet=&#8221;||0px|&#8221; custom_padding_phone=&#8221;&#8221; global_colors_info=&#8221;{}&#8221;][et_pb_column type=&#8221;1_3&#8243; _builder_version=&#8221;3.25&#8243; custom_padding=&#8221;|||&#8221; global_colors_info=&#8221;{}&#8221; custom_padding__hover=&#8221;|||&#8221;][et_pb_text _builder_version=&#8221;4.13.1&#8243; background_color=&#8221;#232323&#8243; hover_enabled=&#8221;0&#8243; global_colors_info=&#8221;{}&#8221; link_option_url=&#8221;\/en\/apartment-chalet-cleaning-gstaad\/&#8221; sticky_enabled=&#8221;0&#8243;]<a href=\"https:\/\/www.touche-a-tout.ch\/en\/apartment-chalet-cleaning-gstaad\/\"><img loading=\"lazy\" decoding=\"async\" class=\"wp-image-142 size-thumbnail alignleft\" src=\"https:\/\/www.touche-a-tout.ch\/wp-content\/uploads\/2018\/07\/Nettoyage-dentretien-01-01.png\" alt=\"nettoyage entretien\" width=\"150\" height=\"150\" \/> <\/a><\/p>\n<h4>MAINTENANCE CLEANING<\/h4>\n<p>Several services according to your choice[\/et_pb_text][\/et_pb_column][et_pb_column type=&#8221;1_3&#8243; _builder_version=&#8221;3.25&#8243; custom_padding=&#8221;|||&#8221; global_colors_info=&#8221;{}&#8221; custom_padding__hover=&#8221;|||&#8221;][et_pb_text _builder_version=&#8221;4.13.1&#8243; background_color=&#8221;#232323&#8243; hover_enabled=&#8221;0&#8243; global_colors_info=&#8221;{}&#8221; sticky_enabled=&#8221;0&#8243; link_option_url=&#8221;\/en\/post-construction-cleaning-gstaad\/&#8221;]<a href=\"https:\/\/www.touche-a-tout.ch\/en\/post-construction-cleaning-gstaad\/\"><img loading=\"lazy\" decoding=\"async\" class=\"wp-image-141 size-thumbnail alignleft\" src=\"https:\/\/www.touche-a-tout.ch\/wp-content\/uploads\/2018\/07\/Nettoyage-de-chantier-01-01.png\" alt=\"nettoyage chantier\" width=\"150\" height=\"150\" \/><\/a><\/p>\n<h4>CONSTRUCTION SITE CLEANING<\/h4>\n<p>Several services according to your choice[\/et_pb_text][\/et_pb_column][et_pb_column type=&#8221;1_3&#8243; _builder_version=&#8221;4.6.3&#8243; custom_padding=&#8221;|||&#8221; custom_padding_tablet=&#8221;&#8221; custom_padding_phone=&#8221;||30px||false|false&#8221; custom_padding_last_edited=&#8221;on|phone&#8221; global_colors_info=&#8221;{}&#8221; custom_padding__hover=&#8221;|||&#8221;][et_pb_text _builder_version=&#8221;4.13.1&#8243; background_color=&#8221;#232323&#8243; hover_enabled=&#8221;0&#8243; global_colors_info=&#8221;{}&#8221; link_option_url=&#8221;\/en\/handiwork-house-gstaad\/&#8221; sticky_enabled=&#8221;0&#8243;]<a href=\"https:\/\/www.touche-a-tout.ch\/en\/handiwork-house-gstaad\/\"><img loading=\"lazy\" decoding=\"async\" class=\"wp-image-143 size-thumbnail alignleft\" src=\"https:\/\/www.touche-a-tout.ch\/wp-content\/uploads\/2018\/07\/Tout-pour-la-maison-01-01.png\" alt=\"tout pour la maison\" width=\"150\" height=\"150\" \/> <\/a><\/p>\n<h4>EVERYTHING FOR THE HOME<\/h4>\n<p>Several services according to your choice[\/et_pb_text][\/et_pb_column][\/et_pb_row][et_pb_row column_structure=&#8221;1_3,1_3,1_3&#8243; custom_padding_last_edited=&#8221;on|desktop&#8221; _builder_version=&#8221;3.25&#8243; custom_margin_tablet=&#8221;0px|||&#8221; custom_margin_phone=&#8221;&#8221; custom_margin_last_edited=&#8221;on|tablet&#8221; custom_padding=&#8221;||30px|&#8221; custom_padding_tablet=&#8221;0px|||&#8221; custom_padding_phone=&#8221;&#8221; global_colors_info=&#8221;{}&#8221;][et_pb_column type=&#8221;1_3&#8243; _builder_version=&#8221;3.25&#8243; custom_padding=&#8221;|||&#8221; global_colors_info=&#8221;{}&#8221; custom_padding__hover=&#8221;|||&#8221;][et_pb_text _builder_version=&#8221;4.13.1&#8243; background_color=&#8221;#232323&#8243; hover_enabled=&#8221;0&#8243; global_colors_info=&#8221;{}&#8221; link_option_url=&#8221;\/en\/concierge-services-gstaad\/&#8221; sticky_enabled=&#8221;0&#8243;]<a href=\"https:\/\/www.touche-a-tout.ch\/en\/concierge-services-gstaad\/\"><img loading=\"lazy\" decoding=\"async\" class=\"wp-image-142 size-thumbnail alignleft\" src=\"https:\/\/www.touche-a-tout.ch\/wp-content\/uploads\/2018\/07\/Conciergeries-01-01.png\" alt=\"conciergerie\" width=\"150\" height=\"150\" \/><\/a><\/p>\n<h4>CONCIERGE SERVICES<\/h4>\n<p>Several services according to your choice[\/et_pb_text][\/et_pb_column][et_pb_column type=&#8221;1_3&#8243; _builder_version=&#8221;3.25&#8243; custom_padding=&#8221;|||&#8221; global_colors_info=&#8221;{}&#8221; custom_padding__hover=&#8221;|||&#8221;][et_pb_text _builder_version=&#8221;4.13.1&#8243; background_color=&#8221;#232323&#8243; hover_enabled=&#8221;0&#8243; global_colors_info=&#8221;{}&#8221; link_option_url=&#8221;\/en\/garden-maintenance-gstaad\/&#8221; sticky_enabled=&#8221;0&#8243;]<a href=\"https:\/\/www.touche-a-tout.ch\/en\/garden-maintenance-gstaad\/\"><img loading=\"lazy\" decoding=\"async\" class=\"wp-image-141 size-thumbnail alignleft\" src=\"https:\/\/www.touche-a-tout.ch\/wp-content\/uploads\/2018\/07\/Entretien-de-jardin-01-01.png\" alt=\"entretien jardins\" width=\"150\" height=\"150\" \/><\/a><\/p>\n<h4>GARDEN MAINTENANCE<\/h4>\n<p>Several services according to your choice[\/et_pb_text][\/et_pb_column][et_pb_column type=&#8221;1_3&#8243; _builder_version=&#8221;3.25&#8243; custom_padding=&#8221;|||&#8221; global_colors_info=&#8221;{}&#8221; custom_padding__hover=&#8221;|||&#8221;][et_pb_text _builder_version=&#8221;4.13.1&#8243; background_color=&#8221;#232323&#8243; hover_enabled=&#8221;0&#8243; global_colors_info=&#8221;{}&#8221; link_option_url=&#8221;\/en\/window-cleaning-gstaad\/&#8221; sticky_enabled=&#8221;0&#8243;]<a href=\"https:\/\/www.touche-a-tout.ch\/en\/window-cleaning-gstaad\/\"><img loading=\"lazy\" decoding=\"async\" class=\"wp-image-143 size-thumbnail alignleft\" src=\"https:\/\/www.touche-a-tout.ch\/wp-content\/uploads\/2018\/07\/Nettoyage-de-vitre-01-01.png\" alt=\"nettoyage vitres\" width=\"150\" height=\"150\" \/><\/a><\/p>\n<h4>WINDOW CLEANING<\/h4>\n<p>Several services according to your choice[\/et_pb_text][\/et_pb_column][\/et_pb_row][\/et_pb_section][et_pb_section fb_built=&#8221;1&#8243; fullwidth=&#8221;on&#8221; _builder_version=&#8221;3.22&#8243; background_color=&#8221;#000000&#8243; global_colors_info=&#8221;{}&#8221;][et_pb_fullwidth_code module_class=&#8221;bandeau-titre&#8221; _builder_version=&#8221;4.0.3&#8243; background_color=&#8221;#000000&#8243; text_orientation=&#8221;center&#8221; animation_style=&#8221;slide&#8221; custom_css_main_element=&#8221;height:45vh;&#8221; global_colors_info=&#8221;{}&#8221;]<\/p>\n<h3>7\/7 DAYS A WEEK SERVICE<\/h3>\n<p>[\/et_pb_fullwidth_code][\/et_pb_section]<\/p>\n","protected":false},"excerpt":{"rendered":"<p>Cleaning, maintenance and concierge service in Gstaad MAINTENANCE CLEANING Several services according to your choice CONSTRUCTION SITE CLEANING Several services according to your choice EVERYTHING FOR THE HOME Several services according to your choice CONCIERGE SERVICES Several services according to your choice GARDEN MAINTENANCE Several services according to your choice WINDOW CLEANING Several services according [&hellip;]<\/p>\n","protected":false},"author":1,"featured_media":0,"parent":0,"menu_order":0,"comment_status":"closed","ping_status":"open","template":"","meta":{"_et_pb_use_builder":"on","_et_pb_old_content":"<p>Voici un exemple de page. Elle est diff\u00e9rente d\u2019un article de blog, en cela qu\u2019elle restera \u00e0 la m\u00eame place, et s\u2019affichera dans le menu de navigation de votre site (en fonction de votre th\u00e8me). La plupart des gens commencent par \u00e9crire une page \u00ab\u00a0\u00c0 Propos\u00a0\u00bb qui les pr\u00e9sente aux visiteurs potentiels du site. Vous pourriez y \u00e9crire quelque chose de ce tenant\u00a0:<\/p><blockquote><p>Bonjour\u00a0! Je suis un m\u00e9canicien qui aspire \u00e0 devenir un acteur, et ceci est mon blog. J\u2019habite \u00e0 Bordeaux, j\u2019ai un super chien qui s\u2019appelle Russell, et j\u2019aime la vodka-ananas (ainsi que perdre mon temps \u00e0 regarder la pluie tomber).<\/p><\/blockquote><p>...ou bien quelque chose comme cela\u00a0:<\/p><blockquote><p>La soci\u00e9t\u00e9 123 Machin Truc a \u00e9t\u00e9 cr\u00e9\u00e9e en 1971, et n\u2019a cess\u00e9 de proposer au public des machins-trucs de qualit\u00e9 depuis cette ann\u00e9e. Situ\u00e9e \u00e0 Saint-Remy-en-Bouzemont-Saint-Genest-et-Isson, 123 Machin Truc emploie 2\u00a0000 personnes, et fabrique toutes sortes de bidules super pour la communaut\u00e9 bouzemontoise.<\/p><\/blockquote><p>\u00c9tant donn\u00e9 que vous \u00eates un nouvel utilisateur ou une nouvelle utilisatrice de WordPress, vous devriez vous rendre sur votre <a href=\"https:\/\/www.touche-a-tout.ch\/wp-admin\/\">tableau de bord<\/a> pour effacer la pr\u00e9sente page, et cr\u00e9er de nouvelles pages avec votre propre contenu. Amusez-vous bien\u00a0!<\/p>","_et_gb_content_width":"","footnotes":""},"class_list":["post-531","page","type-page","status-publish","hentry"],"yoast_head":"<!-- This site is optimized with the Yoast SEO plugin v27.4 - https:\/\/yoast.com\/product\/yoast-seo-wordpress\/ -->\n<title>Touche \u00e0 tout | Cleaning, maintenance and concierge service in Gstaad<\/title>\n<meta name=\"description\" content=\"Touche \u00e0 Tout located in Ch\u00e2teau D&#039;Oex is a company specialized in multi-services that operates throughout the Chablais and Gstaad region and in Bulle. Post construction cleaning, window cleaning, concierge services, apartment maintenance, chalet and garden maintenance, snow removal, masonry work, fences...\" \/>\n<meta name=\"robots\" content=\"index, follow, max-snippet:-1, max-image-preview:large, max-video-preview:-1\" \/>\n<link rel=\"canonical\" href=\"https:\/\/www.touche-a-tout.ch\/en\/\" \/>\n<meta property=\"og:locale\" content=\"en_US\" \/>\n<meta property=\"og:type\" content=\"article\" \/>\n<meta property=\"og:title\" content=\"Touche \u00e0 tout | Cleaning, maintenance and concierge service in Gstaad\" \/>\n<meta property=\"og:description\" content=\"Touche \u00e0 Tout located in Ch\u00e2teau D&#039;Oex is a company specialized in multi-services that operates throughout the Chablais and Gstaad region and in Bulle. Post construction cleaning, window cleaning, concierge services, apartment maintenance, chalet and garden maintenance, snow removal, masonry work, fences...\" \/>\n<meta property=\"og:url\" content=\"https:\/\/www.touche-a-tout.ch\/en\/\" \/>\n<meta property=\"og:site_name\" content=\"Touche \u00e0 Tout\" \/>\n<meta property=\"article:modified_time\" content=\"2021-11-18T08:34:55+00:00\" \/>\n<meta property=\"og:image\" content=\"https:\/\/www.touche-a-tout.ch\/wp-content\/uploads\/2018\/07\/Nettoyage-dentretien-01-01.png\" \/>\n<meta name=\"twitter:card\" content=\"summary_large_image\" \/>\n<meta name=\"twitter:label1\" content=\"Est. reading time\" \/>\n\t<meta name=\"twitter:data1\" content=\"7 minutes\" \/>\n<script type=\"application\/ld+json\" class=\"yoast-schema-graph\">{\"@context\":\"https:\\\/\\\/schema.org\",\"@graph\":[{\"@type\":\"WebPage\",\"@id\":\"https:\\\/\\\/www.touche-a-tout.ch\\\/en\\\/\",\"url\":\"https:\\\/\\\/www.touche-a-tout.ch\\\/en\\\/\",\"name\":\"Touche \u00e0 tout | Cleaning, maintenance and concierge service in Gstaad\",\"isPartOf\":{\"@id\":\"https:\\\/\\\/www.touche-a-tout.ch\\\/#website\"},\"primaryImageOfPage\":{\"@id\":\"https:\\\/\\\/www.touche-a-tout.ch\\\/en\\\/#primaryimage\"},\"image\":{\"@id\":\"https:\\\/\\\/www.touche-a-tout.ch\\\/en\\\/#primaryimage\"},\"thumbnailUrl\":\"https:\\\/\\\/www.touche-a-tout.ch\\\/wp-content\\\/uploads\\\/2018\\\/07\\\/Nettoyage-dentretien-01-01.png\",\"datePublished\":\"2019-11-03T22:09:04+00:00\",\"dateModified\":\"2021-11-18T08:34:55+00:00\",\"description\":\"Touche \u00e0 Tout located in Ch\u00e2teau D'Oex is a company specialized in multi-services that operates throughout the Chablais and Gstaad region and in Bulle. Post construction cleaning, window cleaning, concierge services, apartment maintenance, chalet and garden maintenance, snow removal, masonry work, fences...\",\"breadcrumb\":{\"@id\":\"https:\\\/\\\/www.touche-a-tout.ch\\\/en\\\/#breadcrumb\"},\"inLanguage\":\"en-US\",\"potentialAction\":[{\"@type\":\"ReadAction\",\"target\":[\"https:\\\/\\\/www.touche-a-tout.ch\\\/en\\\/\"]}]},{\"@type\":\"ImageObject\",\"inLanguage\":\"en-US\",\"@id\":\"https:\\\/\\\/www.touche-a-tout.ch\\\/en\\\/#primaryimage\",\"url\":\"https:\\\/\\\/www.touche-a-tout.ch\\\/wp-content\\\/uploads\\\/2018\\\/07\\\/Nettoyage-dentretien-01-01.png\",\"contentUrl\":\"https:\\\/\\\/www.touche-a-tout.ch\\\/wp-content\\\/uploads\\\/2018\\\/07\\\/Nettoyage-dentretien-01-01.png\"},{\"@type\":\"BreadcrumbList\",\"@id\":\"https:\\\/\\\/www.touche-a-tout.ch\\\/en\\\/#breadcrumb\",\"itemListElement\":[{\"@type\":\"ListItem\",\"position\":1,\"name\":\"Accueil\",\"item\":\"https:\\\/\\\/www.touche-a-tout.ch\\\/en\\\/\"},{\"@type\":\"ListItem\",\"position\":2,\"name\":\"Home\"}]},{\"@type\":\"WebSite\",\"@id\":\"https:\\\/\\\/www.touche-a-tout.ch\\\/#website\",\"url\":\"https:\\\/\\\/www.touche-a-tout.ch\\\/\",\"name\":\"Touche \u00e0 Tout\",\"description\":\"Nettoyage entretien conciergerie Ch\u00e2teau D\u2019Oex Chablais\",\"potentialAction\":[{\"@type\":\"SearchAction\",\"target\":{\"@type\":\"EntryPoint\",\"urlTemplate\":\"https:\\\/\\\/www.touche-a-tout.ch\\\/?s={search_term_string}\"},\"query-input\":{\"@type\":\"PropertyValueSpecification\",\"valueRequired\":true,\"valueName\":\"search_term_string\"}}],\"inLanguage\":\"en-US\"}]}<\/script>\n<!-- \/ Yoast SEO plugin. -->","yoast_head_json":{"title":"Touche \u00e0 tout | Cleaning, maintenance and concierge service in Gstaad","description":"Touche \u00e0 Tout located in Ch\u00e2teau D'Oex is a company specialized in multi-services that operates throughout the Chablais and Gstaad region and in Bulle. Post construction cleaning, window cleaning, concierge services, apartment maintenance, chalet and garden maintenance, snow removal, masonry work, fences...","robots":{"index":"index","follow":"follow","max-snippet":"max-snippet:-1","max-image-preview":"max-image-preview:large","max-video-preview":"max-video-preview:-1"},"canonical":"https:\/\/www.touche-a-tout.ch\/en\/","og_locale":"en_US","og_type":"article","og_title":"Touche \u00e0 tout | Cleaning, maintenance and concierge service in Gstaad","og_description":"Touche \u00e0 Tout located in Ch\u00e2teau D'Oex is a company specialized in multi-services that operates throughout the Chablais and Gstaad region and in Bulle. Post construction cleaning, window cleaning, concierge services, apartment maintenance, chalet and garden maintenance, snow removal, masonry work, fences...","og_url":"https:\/\/www.touche-a-tout.ch\/en\/","og_site_name":"Touche \u00e0 Tout","article_modified_time":"2021-11-18T08:34:55+00:00","og_image":[{"url":"https:\/\/www.touche-a-tout.ch\/wp-content\/uploads\/2018\/07\/Nettoyage-dentretien-01-01.png","type":"","width":"","height":""}],"twitter_card":"summary_large_image","twitter_misc":{"Est. reading time":"7 minutes"},"schema":{"@context":"https:\/\/schema.org","@graph":[{"@type":"WebPage","@id":"https:\/\/www.touche-a-tout.ch\/en\/","url":"https:\/\/www.touche-a-tout.ch\/en\/","name":"Touche \u00e0 tout | Cleaning, maintenance and concierge service in Gstaad","isPartOf":{"@id":"https:\/\/www.touche-a-tout.ch\/#website"},"primaryImageOfPage":{"@id":"https:\/\/www.touche-a-tout.ch\/en\/#primaryimage"},"image":{"@id":"https:\/\/www.touche-a-tout.ch\/en\/#primaryimage"},"thumbnailUrl":"https:\/\/www.touche-a-tout.ch\/wp-content\/uploads\/2018\/07\/Nettoyage-dentretien-01-01.png","datePublished":"2019-11-03T22:09:04+00:00","dateModified":"2021-11-18T08:34:55+00:00","description":"Touche \u00e0 Tout located in Ch\u00e2teau D'Oex is a company specialized in multi-services that operates throughout the Chablais and Gstaad region and in Bulle. Post construction cleaning, window cleaning, concierge services, apartment maintenance, chalet and garden maintenance, snow removal, masonry work, fences...","breadcrumb":{"@id":"https:\/\/www.touche-a-tout.ch\/en\/#breadcrumb"},"inLanguage":"en-US","potentialAction":[{"@type":"ReadAction","target":["https:\/\/www.touche-a-tout.ch\/en\/"]}]},{"@type":"ImageObject","inLanguage":"en-US","@id":"https:\/\/www.touche-a-tout.ch\/en\/#primaryimage","url":"https:\/\/www.touche-a-tout.ch\/wp-content\/uploads\/2018\/07\/Nettoyage-dentretien-01-01.png","contentUrl":"https:\/\/www.touche-a-tout.ch\/wp-content\/uploads\/2018\/07\/Nettoyage-dentretien-01-01.png"},{"@type":"BreadcrumbList","@id":"https:\/\/www.touche-a-tout.ch\/en\/#breadcrumb","itemListElement":[{"@type":"ListItem","position":1,"name":"Accueil","item":"https:\/\/www.touche-a-tout.ch\/en\/"},{"@type":"ListItem","position":2,"name":"Home"}]},{"@type":"WebSite","@id":"https:\/\/www.touche-a-tout.ch\/#website","url":"https:\/\/www.touche-a-tout.ch\/","name":"Touche \u00e0 Tout","description":"Nettoyage entretien conciergerie Ch\u00e2teau D\u2019Oex Chablais","potentialAction":[{"@type":"SearchAction","target":{"@type":"EntryPoint","urlTemplate":"https:\/\/www.touche-a-tout.ch\/?s={search_term_string}"},"query-input":{"@type":"PropertyValueSpecification","valueRequired":true,"valueName":"search_term_string"}}],"inLanguage":"en-US"}]}},"_links":{"self":[{"href":"https:\/\/www.touche-a-tout.ch\/en\/wp-json\/wp\/v2\/pages\/531","targetHints":{"allow":["GET"]}}],"collection":[{"href":"https:\/\/www.touche-a-tout.ch\/en\/wp-json\/wp\/v2\/pages"}],"about":[{"href":"https:\/\/www.touche-a-tout.ch\/en\/wp-json\/wp\/v2\/types\/page"}],"author":[{"embeddable":true,"href":"https:\/\/www.touche-a-tout.ch\/en\/wp-json\/wp\/v2\/users\/1"}],"replies":[{"embeddable":true,"href":"https:\/\/www.touche-a-tout.ch\/en\/wp-json\/wp\/v2\/comments?post=531"}],"version-history":[{"count":18,"href":"https:\/\/www.touche-a-tout.ch\/en\/wp-json\/wp\/v2\/pages\/531\/revisions"}],"predecessor-version":[{"id":718,"href":"https:\/\/www.touche-a-tout.ch\/en\/wp-json\/wp\/v2\/pages\/531\/revisions\/718"}],"wp:attachment":[{"href":"https:\/\/www.touche-a-tout.ch\/en\/wp-json\/wp\/v2\/media?parent=531"}],"curies":[{"name":"wp","href":"https:\/\/api.w.org\/{rel}","templated":true}]}}