{"id":552,"date":"2019-11-03T23:53:47","date_gmt":"2019-11-03T22:53:47","guid":{"rendered":"https:\/\/www.touche-a-tout.ch\/?page_id=552"},"modified":"2021-11-17T22:26:24","modified_gmt":"2021-11-17T21:26:24","slug":"chalet-garden-maintenance-gstaad","status":"publish","type":"page","link":"https:\/\/www.touche-a-tout.ch\/en\/chalet-garden-maintenance-gstaad\/","title":{"rendered":"WHO ARE WE"},"content":{"rendered":"<p>[et_pb_section fb_built=&#8221;1&#8243; _builder_version=&#8221;3.22&#8243; background_color=&#8221;#000000&#8243;][et_pb_row column_structure=&#8221;1_2,1_2&#8243; use_custom_gutter=&#8221;on&#8221; gutter_width=&#8221;1&#8243; make_equal=&#8221;on&#8221; _builder_version=&#8221;3.25&#8243; width=&#8221;100%&#8221; max_width=&#8221;100%&#8221; custom_padding=&#8221;0px|0px|0px|0px&#8221; custom_css_main_element=&#8221;height:100vh;&#8221; make_fullwidth=&#8221;on&#8221; use_custom_width=&#8221;on&#8221; width_unit=&#8221;off&#8221; custom_width_percent=&#8221;100%&#8221;][et_pb_column type=&#8221;1_2&#8243; _builder_version=&#8221;3.25&#8243; background_image=&#8221;https:\/\/www.touche-a-tout.ch\/wp-content\/uploads\/2018\/05\/Conciergerie-Chateau-doex.jpg&#8221; custom_padding=&#8221;|||&#8221; custom_padding__hover=&#8221;|||&#8221;][et_pb_image src=&#8221;https:\/\/www.touche-a-tout.ch\/wp-content\/uploads\/2018\/05\/Conciergerie-Chateau-doex.jpg&#8221; align=&#8221;center&#8221; align_tablet=&#8221;center&#8221; align_phone=&#8221;&#8221; align_last_edited=&#8221;on|desktop&#8221; disabled_on=&#8221;off|off|on&#8221; _builder_version=&#8221;3.23&#8243; always_center_on_mobile=&#8221;on&#8221;][\/et_pb_image][\/et_pb_column][et_pb_column type=&#8221;1_2&#8243; _builder_version=&#8221;3.25&#8243; custom_padding=&#8221;|||&#8221; custom_padding__hover=&#8221;|||&#8221;][et_pb_text module_class=&#8221;Titre-home&#8221; _builder_version=&#8221;4.0.3&#8243;]<\/p>\n<h1>Chalet and garden maintenance Gstaad<br \/>\n<\/h1>\n<p>[\/et_pb_text][et_pb_text module_class=&#8221;bloc-texte&#8221; _builder_version=&#8221;4.0.3&#8243; text_font=&#8221;Lato-Regular||||||||&#8221; text_text_color=&#8221;#ffffff&#8221; text_font_size=&#8221;16px&#8221;]<\/p>\n<p><strong><u>Who are we?<br \/><\/u><\/strong><\/p>\n<p>Touche \u00e0 Tout established by Mario Fernandes in Ch\u00e2teau-d&#8217;Oex is a qualified company specialized in multi-services.<\/p>\n<p>Our objective is to offer services adapted to any requirement.<\/p>\n<p>The privately-owned company offers individuals, professionals and local authorities supervision, care and maintenance of the main and secondary residence:<\/p>\n<ul>\n<li>Opening and closing of shutters, watering and maintenance of plants or the garden (summer and winter), mail collection, household work inside the premises.<\/li>\n<\/ul>\n<p>[\/et_pb_text][\/et_pb_column][\/et_pb_row][\/et_pb_section]<\/p>\n","protected":false},"excerpt":{"rendered":"<p>Chalet and garden maintenance Gstaad Who are we? Touche \u00e0 Tout established by Mario Fernandes in Ch\u00e2teau-d&#8217;Oex is a qualified company specialized in multi-services. Our objective is to offer services adapted to any requirement. The privately-owned company offers individuals, professionals and local authorities supervision, care and maintenance of the main and secondary residence: Opening and [&hellip;]<\/p>\n","protected":false},"author":1,"featured_media":0,"parent":0,"menu_order":0,"comment_status":"closed","ping_status":"closed","template":"","meta":{"_et_pb_use_builder":"on","_et_pb_old_content":"","_et_gb_content_width":"","footnotes":""},"class_list":["post-552","page","type-page","status-publish","hentry"],"yoast_head":"<!-- This site is optimized with the Yoast SEO plugin v26.3 - https:\/\/yoast.com\/wordpress\/plugins\/seo\/ -->\n<title>Touche \u00e0 tout | Chalet and garden maintenance Gstaad<\/title>\n<meta name=\"description\" content=\"Touche \u00e0 Tout located in Ch\u00e2teau D&#039;Oex offers individuals, professionals and local authorities supervision, care and maintenance of the main and secondary residence (chalet, apartment); opening and closing of shutters, watering and garden maintenance in Gstaad.\" \/>\n<meta name=\"robots\" content=\"index, follow, max-snippet:-1, max-image-preview:large, max-video-preview:-1\" \/>\n<link rel=\"canonical\" href=\"https:\/\/www.touche-a-tout.ch\/en\/chalet-garden-maintenance-gstaad\/\" \/>\n<meta property=\"og:locale\" content=\"en_US\" \/>\n<meta property=\"og:type\" content=\"article\" \/>\n<meta property=\"og:title\" content=\"Touche \u00e0 tout | Chalet and garden maintenance Gstaad\" \/>\n<meta property=\"og:description\" content=\"Touche \u00e0 Tout located in Ch\u00e2teau D&#039;Oex offers individuals, professionals and local authorities supervision, care and maintenance of the main and secondary residence (chalet, apartment); opening and closing of shutters, watering and garden maintenance in Gstaad.\" \/>\n<meta property=\"og:url\" content=\"https:\/\/www.touche-a-tout.ch\/en\/chalet-garden-maintenance-gstaad\/\" \/>\n<meta property=\"og:site_name\" content=\"Touche \u00e0 Tout\" \/>\n<meta property=\"article:modified_time\" content=\"2021-11-17T21:26:24+00:00\" \/>\n<meta name=\"twitter:card\" content=\"summary_large_image\" \/>\n<meta name=\"twitter:label1\" content=\"Est. reading time\" \/>\n\t<meta name=\"twitter:data1\" content=\"1 minute\" \/>\n<script type=\"application\/ld+json\" class=\"yoast-schema-graph\">{\"@context\":\"https:\/\/schema.org\",\"@graph\":[{\"@type\":\"WebPage\",\"@id\":\"https:\/\/www.touche-a-tout.ch\/en\/chalet-garden-maintenance-gstaad\/\",\"url\":\"https:\/\/www.touche-a-tout.ch\/en\/chalet-garden-maintenance-gstaad\/\",\"name\":\"Touche \u00e0 tout | Chalet and garden maintenance Gstaad\",\"isPartOf\":{\"@id\":\"https:\/\/www.touche-a-tout.ch\/#website\"},\"datePublished\":\"2019-11-03T22:53:47+00:00\",\"dateModified\":\"2021-11-17T21:26:24+00:00\",\"description\":\"Touche \u00e0 Tout located in Ch\u00e2teau D'Oex offers individuals, professionals and local authorities supervision, care and maintenance of the main and secondary residence (chalet, apartment); opening and closing of shutters, watering and garden maintenance in Gstaad.\",\"breadcrumb\":{\"@id\":\"https:\/\/www.touche-a-tout.ch\/en\/chalet-garden-maintenance-gstaad\/#breadcrumb\"},\"inLanguage\":\"en-US\",\"potentialAction\":[{\"@type\":\"ReadAction\",\"target\":[\"https:\/\/www.touche-a-tout.ch\/en\/chalet-garden-maintenance-gstaad\/\"]}]},{\"@type\":\"BreadcrumbList\",\"@id\":\"https:\/\/www.touche-a-tout.ch\/en\/chalet-garden-maintenance-gstaad\/#breadcrumb\",\"itemListElement\":[{\"@type\":\"ListItem\",\"position\":1,\"name\":\"Accueil\",\"item\":\"https:\/\/www.touche-a-tout.ch\/en\/\"},{\"@type\":\"ListItem\",\"position\":2,\"name\":\"WHO ARE WE\"}]},{\"@type\":\"WebSite\",\"@id\":\"https:\/\/www.touche-a-tout.ch\/#website\",\"url\":\"https:\/\/www.touche-a-tout.ch\/\",\"name\":\"Touche \u00e0 Tout\",\"description\":\"Nettoyage entretien conciergerie Ch\u00e2teau D\u2019Oex Chablais\",\"potentialAction\":[{\"@type\":\"SearchAction\",\"target\":{\"@type\":\"EntryPoint\",\"urlTemplate\":\"https:\/\/www.touche-a-tout.ch\/?s={search_term_string}\"},\"query-input\":{\"@type\":\"PropertyValueSpecification\",\"valueRequired\":true,\"valueName\":\"search_term_string\"}}],\"inLanguage\":\"en-US\"}]}<\/script>\n<!-- \/ Yoast SEO plugin. -->","yoast_head_json":{"title":"Touche \u00e0 tout | Chalet and garden maintenance Gstaad","description":"Touche \u00e0 Tout located in Ch\u00e2teau D'Oex offers individuals, professionals and local authorities supervision, care and maintenance of the main and secondary residence (chalet, apartment); opening and closing of shutters, watering and garden maintenance in Gstaad.","robots":{"index":"index","follow":"follow","max-snippet":"max-snippet:-1","max-image-preview":"max-image-preview:large","max-video-preview":"max-video-preview:-1"},"canonical":"https:\/\/www.touche-a-tout.ch\/en\/chalet-garden-maintenance-gstaad\/","og_locale":"en_US","og_type":"article","og_title":"Touche \u00e0 tout | Chalet and garden maintenance Gstaad","og_description":"Touche \u00e0 Tout located in Ch\u00e2teau D'Oex offers individuals, professionals and local authorities supervision, care and maintenance of the main and secondary residence (chalet, apartment); opening and closing of shutters, watering and garden maintenance in Gstaad.","og_url":"https:\/\/www.touche-a-tout.ch\/en\/chalet-garden-maintenance-gstaad\/","og_site_name":"Touche \u00e0 Tout","article_modified_time":"2021-11-17T21:26:24+00:00","twitter_card":"summary_large_image","twitter_misc":{"Est. reading time":"1 minute"},"schema":{"@context":"https:\/\/schema.org","@graph":[{"@type":"WebPage","@id":"https:\/\/www.touche-a-tout.ch\/en\/chalet-garden-maintenance-gstaad\/","url":"https:\/\/www.touche-a-tout.ch\/en\/chalet-garden-maintenance-gstaad\/","name":"Touche \u00e0 tout | Chalet and garden maintenance Gstaad","isPartOf":{"@id":"https:\/\/www.touche-a-tout.ch\/#website"},"datePublished":"2019-11-03T22:53:47+00:00","dateModified":"2021-11-17T21:26:24+00:00","description":"Touche \u00e0 Tout located in Ch\u00e2teau D'Oex offers individuals, professionals and local authorities supervision, care and maintenance of the main and secondary residence (chalet, apartment); opening and closing of shutters, watering and garden maintenance in Gstaad.","breadcrumb":{"@id":"https:\/\/www.touche-a-tout.ch\/en\/chalet-garden-maintenance-gstaad\/#breadcrumb"},"inLanguage":"en-US","potentialAction":[{"@type":"ReadAction","target":["https:\/\/www.touche-a-tout.ch\/en\/chalet-garden-maintenance-gstaad\/"]}]},{"@type":"BreadcrumbList","@id":"https:\/\/www.touche-a-tout.ch\/en\/chalet-garden-maintenance-gstaad\/#breadcrumb","itemListElement":[{"@type":"ListItem","position":1,"name":"Accueil","item":"https:\/\/www.touche-a-tout.ch\/en\/"},{"@type":"ListItem","position":2,"name":"WHO ARE WE"}]},{"@type":"WebSite","@id":"https:\/\/www.touche-a-tout.ch\/#website","url":"https:\/\/www.touche-a-tout.ch\/","name":"Touche \u00e0 Tout","description":"Nettoyage entretien conciergerie Ch\u00e2teau D\u2019Oex Chablais","potentialAction":[{"@type":"SearchAction","target":{"@type":"EntryPoint","urlTemplate":"https:\/\/www.touche-a-tout.ch\/?s={search_term_string}"},"query-input":{"@type":"PropertyValueSpecification","valueRequired":true,"valueName":"search_term_string"}}],"inLanguage":"en-US"}]}},"_links":{"self":[{"href":"https:\/\/www.touche-a-tout.ch\/en\/wp-json\/wp\/v2\/pages\/552","targetHints":{"allow":["GET"]}}],"collection":[{"href":"https:\/\/www.touche-a-tout.ch\/en\/wp-json\/wp\/v2\/pages"}],"about":[{"href":"https:\/\/www.touche-a-tout.ch\/en\/wp-json\/wp\/v2\/types\/page"}],"author":[{"embeddable":true,"href":"https:\/\/www.touche-a-tout.ch\/en\/wp-json\/wp\/v2\/users\/1"}],"replies":[{"embeddable":true,"href":"https:\/\/www.touche-a-tout.ch\/en\/wp-json\/wp\/v2\/comments?post=552"}],"version-history":[{"count":7,"href":"https:\/\/www.touche-a-tout.ch\/en\/wp-json\/wp\/v2\/pages\/552\/revisions"}],"predecessor-version":[{"id":710,"href":"https:\/\/www.touche-a-tout.ch\/en\/wp-json\/wp\/v2\/pages\/552\/revisions\/710"}],"wp:attachment":[{"href":"https:\/\/www.touche-a-tout.ch\/en\/wp-json\/wp\/v2\/media?parent=552"}],"curies":[{"name":"wp","href":"https:\/\/api.w.org\/{rel}","templated":true}]}}