{"id":581,"date":"2019-11-04T11:42:53","date_gmt":"2019-11-04T10:42:53","guid":{"rendered":"https:\/\/www.touche-a-tout.ch\/?page_id=581"},"modified":"2023-11-14T12:14:28","modified_gmt":"2023-11-14T11:14:28","slug":"concierge-services-gstaad","status":"publish","type":"page","link":"https:\/\/www.touche-a-tout.ch\/en\/concierge-services-gstaad\/","title":{"rendered":"CONCIERGE SERVICES"},"content":{"rendered":"<p>[et_pb_section fb_built=&#8221;1&#8243; _builder_version=&#8221;4.16&#8243; background_color=&#8221;#000000&#8243; custom_margin=&#8221;|||&#8221; custom_padding=&#8221;0px|||&#8221; global_colors_info=&#8221;{}&#8221;][et_pb_row column_structure=&#8221;1_2,1_2&#8243; use_custom_gutter=&#8221;on&#8221; gutter_width=&#8221;1&#8243; make_equal=&#8221;on&#8221; _builder_version=&#8221;4.16&#8243; background_size=&#8221;initial&#8221; background_position=&#8221;top_left&#8221; background_repeat=&#8221;repeat&#8221; width=&#8221;100%&#8221; max_width=&#8221;100%&#8221; custom_padding=&#8221;0px|0px|0px|0px&#8221; custom_css_main_element=&#8221;height:100vh;&#8221; use_custom_width=&#8221;on&#8221; width_unit=&#8221;off&#8221; custom_width_percent=&#8221;100%&#8221; global_colors_info=&#8221;{}&#8221;][et_pb_column type=&#8221;1_2&#8243; _builder_version=&#8221;4.16&#8243; background_image=&#8221;https:\/\/www.touche-a-tout.ch\/wp-content\/uploads\/2018\/05\/Maconnerie-Chateau-doex-1.jpg&#8221; custom_padding=&#8221;|||&#8221; global_colors_info=&#8221;{}&#8221; custom_padding__hover=&#8221;|||&#8221;][et_pb_image src=&#8221;https:\/\/www.touche-a-tout.ch\/wp-content\/uploads\/2018\/05\/Maconnerie-Chateau-doex.jpg&#8221; align=&#8221;center&#8221; force_fullwidth=&#8221;on&#8221; align_tablet=&#8221;center&#8221; align_phone=&#8221;&#8221; align_last_edited=&#8221;on|desktop&#8221; disabled_on=&#8221;||on&#8221; _builder_version=&#8221;4.16&#8243; always_center_on_mobile=&#8221;on&#8221; global_colors_info=&#8221;{}&#8221;][\/et_pb_image][\/et_pb_column][et_pb_column type=&#8221;1_2&#8243; _builder_version=&#8221;4.16&#8243; custom_padding=&#8221;|||&#8221; global_colors_info=&#8221;{}&#8221; custom_padding__hover=&#8221;|||&#8221;][et_pb_text module_class=&#8221;Titre-home&#8221; _builder_version=&#8221;4.16&#8243; global_colors_info=&#8221;{}&#8221;]<\/p>\n<h1>Concierge services Gstaad<br \/>\n<\/h1>\n<p>[\/et_pb_text][et_pb_text module_class=&#8221;bloc-texte&#8221; _builder_version=&#8221;4.16&#8243; text_font=&#8221;Lato-Regular||||||||&#8221; text_text_color=&#8221;#ffffff&#8221; text_font_size=&#8221;16px&#8221; global_colors_info=&#8221;{}&#8221;]<\/p>\n<p><strong><u>CONCIERGE SERVICES<br \/><\/u><\/strong><br \/>Your building, either private or public.<\/p>\n<ul>\n<li>Entrance halls<\/li>\n<li>Stairwells (floors, walls, interior and exterior windows)<\/li>\n<li>Elevators (floors, walls, mirrors, doors)<\/li>\n<li>Outdoor terraces<\/li>\n<li>Common premises, cellars, laundry and drying rooms, various depots<\/li>\n<li>And maintenance of the surroundings of the building, including gardening work<\/li>\n<li>Mowing the lawn and trimming hedges<\/li>\n<li>Snow removal<\/li>\n<li>Etc &#8230;<\/li>\n<\/ul>\n<p>[\/et_pb_text][\/et_pb_column][\/et_pb_row][\/et_pb_section]<\/p>\n","protected":false},"excerpt":{"rendered":"<p>Concierge services Gstaad CONCIERGE SERVICESYour building, either private or public. Entrance halls Stairwells (floors, walls, interior and exterior windows) Elevators (floors, walls, mirrors, doors) Outdoor terraces Common premises, cellars, laundry and drying rooms, various depots And maintenance of the surroundings of the building, including gardening work Mowing the lawn and trimming hedges Snow removal Etc [&hellip;]<\/p>\n","protected":false},"author":1,"featured_media":0,"parent":0,"menu_order":0,"comment_status":"closed","ping_status":"closed","template":"","meta":{"_et_pb_use_builder":"on","_et_pb_old_content":"","_et_gb_content_width":"","footnotes":""},"class_list":["post-581","page","type-page","status-publish","hentry"],"yoast_head":"<!-- This site is optimized with the Yoast SEO plugin v27.4 - https:\/\/yoast.com\/product\/yoast-seo-wordpress\/ -->\n<title>Touche \u00e0 tout | Concierge services Gstaad<\/title>\n<meta name=\"description\" content=\"Touche \u00e0 Tout located in Ch\u00e2teau D&#039;Oex is a company that offers concierge services; we take care of the entrance halls, stairwells (floors, walls, interior and exterior windows), elevators and your apartment or chalet in the Chablais region and in Gstaad.\" \/>\n<meta name=\"robots\" content=\"index, follow, max-snippet:-1, max-image-preview:large, max-video-preview:-1\" \/>\n<link rel=\"canonical\" href=\"https:\/\/www.touche-a-tout.ch\/en\/concierge-services-gstaad\/\" \/>\n<meta property=\"og:locale\" content=\"en_US\" \/>\n<meta property=\"og:type\" content=\"article\" \/>\n<meta property=\"og:title\" content=\"Touche \u00e0 tout | Concierge services Gstaad\" \/>\n<meta property=\"og:description\" content=\"Touche \u00e0 Tout located in Ch\u00e2teau D&#039;Oex is a company that offers concierge services; we take care of the entrance halls, stairwells (floors, walls, interior and exterior windows), elevators and your apartment or chalet in the Chablais region and in Gstaad.\" \/>\n<meta property=\"og:url\" content=\"https:\/\/www.touche-a-tout.ch\/en\/concierge-services-gstaad\/\" \/>\n<meta property=\"og:site_name\" content=\"Touche \u00e0 Tout\" \/>\n<meta property=\"article:modified_time\" content=\"2023-11-14T11:14:28+00:00\" \/>\n<meta name=\"twitter:card\" content=\"summary_large_image\" \/>\n<meta name=\"twitter:label1\" content=\"Est. reading time\" \/>\n\t<meta name=\"twitter:data1\" content=\"1 minute\" \/>\n<script type=\"application\/ld+json\" class=\"yoast-schema-graph\">{\"@context\":\"https:\\\/\\\/schema.org\",\"@graph\":[{\"@type\":\"WebPage\",\"@id\":\"https:\\\/\\\/www.touche-a-tout.ch\\\/en\\\/concierge-services-gstaad\\\/\",\"url\":\"https:\\\/\\\/www.touche-a-tout.ch\\\/en\\\/concierge-services-gstaad\\\/\",\"name\":\"Touche \u00e0 tout | Concierge services Gstaad\",\"isPartOf\":{\"@id\":\"https:\\\/\\\/www.touche-a-tout.ch\\\/#website\"},\"datePublished\":\"2019-11-04T10:42:53+00:00\",\"dateModified\":\"2023-11-14T11:14:28+00:00\",\"description\":\"Touche \u00e0 Tout located in Ch\u00e2teau D'Oex is a company that offers concierge services; we take care of the entrance halls, stairwells (floors, walls, interior and exterior windows), elevators and your apartment or chalet in the Chablais region and in Gstaad.\",\"breadcrumb\":{\"@id\":\"https:\\\/\\\/www.touche-a-tout.ch\\\/en\\\/concierge-services-gstaad\\\/#breadcrumb\"},\"inLanguage\":\"en-US\",\"potentialAction\":[{\"@type\":\"ReadAction\",\"target\":[\"https:\\\/\\\/www.touche-a-tout.ch\\\/en\\\/concierge-services-gstaad\\\/\"]}]},{\"@type\":\"BreadcrumbList\",\"@id\":\"https:\\\/\\\/www.touche-a-tout.ch\\\/en\\\/concierge-services-gstaad\\\/#breadcrumb\",\"itemListElement\":[{\"@type\":\"ListItem\",\"position\":1,\"name\":\"Accueil\",\"item\":\"https:\\\/\\\/www.touche-a-tout.ch\\\/en\\\/\"},{\"@type\":\"ListItem\",\"position\":2,\"name\":\"CONCIERGE SERVICES\"}]},{\"@type\":\"WebSite\",\"@id\":\"https:\\\/\\\/www.touche-a-tout.ch\\\/#website\",\"url\":\"https:\\\/\\\/www.touche-a-tout.ch\\\/\",\"name\":\"Touche \u00e0 Tout\",\"description\":\"Nettoyage entretien conciergerie Ch\u00e2teau D\u2019Oex Chablais\",\"potentialAction\":[{\"@type\":\"SearchAction\",\"target\":{\"@type\":\"EntryPoint\",\"urlTemplate\":\"https:\\\/\\\/www.touche-a-tout.ch\\\/?s={search_term_string}\"},\"query-input\":{\"@type\":\"PropertyValueSpecification\",\"valueRequired\":true,\"valueName\":\"search_term_string\"}}],\"inLanguage\":\"en-US\"}]}<\/script>\n<!-- \/ Yoast SEO plugin. -->","yoast_head_json":{"title":"Touche \u00e0 tout | Concierge services Gstaad","description":"Touche \u00e0 Tout located in Ch\u00e2teau D'Oex is a company that offers concierge services; we take care of the entrance halls, stairwells (floors, walls, interior and exterior windows), elevators and your apartment or chalet in the Chablais region and in Gstaad.","robots":{"index":"index","follow":"follow","max-snippet":"max-snippet:-1","max-image-preview":"max-image-preview:large","max-video-preview":"max-video-preview:-1"},"canonical":"https:\/\/www.touche-a-tout.ch\/en\/concierge-services-gstaad\/","og_locale":"en_US","og_type":"article","og_title":"Touche \u00e0 tout | Concierge services Gstaad","og_description":"Touche \u00e0 Tout located in Ch\u00e2teau D'Oex is a company that offers concierge services; we take care of the entrance halls, stairwells (floors, walls, interior and exterior windows), elevators and your apartment or chalet in the Chablais region and in Gstaad.","og_url":"https:\/\/www.touche-a-tout.ch\/en\/concierge-services-gstaad\/","og_site_name":"Touche \u00e0 Tout","article_modified_time":"2023-11-14T11:14:28+00:00","twitter_card":"summary_large_image","twitter_misc":{"Est. reading time":"1 minute"},"schema":{"@context":"https:\/\/schema.org","@graph":[{"@type":"WebPage","@id":"https:\/\/www.touche-a-tout.ch\/en\/concierge-services-gstaad\/","url":"https:\/\/www.touche-a-tout.ch\/en\/concierge-services-gstaad\/","name":"Touche \u00e0 tout | Concierge services Gstaad","isPartOf":{"@id":"https:\/\/www.touche-a-tout.ch\/#website"},"datePublished":"2019-11-04T10:42:53+00:00","dateModified":"2023-11-14T11:14:28+00:00","description":"Touche \u00e0 Tout located in Ch\u00e2teau D'Oex is a company that offers concierge services; we take care of the entrance halls, stairwells (floors, walls, interior and exterior windows), elevators and your apartment or chalet in the Chablais region and in Gstaad.","breadcrumb":{"@id":"https:\/\/www.touche-a-tout.ch\/en\/concierge-services-gstaad\/#breadcrumb"},"inLanguage":"en-US","potentialAction":[{"@type":"ReadAction","target":["https:\/\/www.touche-a-tout.ch\/en\/concierge-services-gstaad\/"]}]},{"@type":"BreadcrumbList","@id":"https:\/\/www.touche-a-tout.ch\/en\/concierge-services-gstaad\/#breadcrumb","itemListElement":[{"@type":"ListItem","position":1,"name":"Accueil","item":"https:\/\/www.touche-a-tout.ch\/en\/"},{"@type":"ListItem","position":2,"name":"CONCIERGE SERVICES"}]},{"@type":"WebSite","@id":"https:\/\/www.touche-a-tout.ch\/#website","url":"https:\/\/www.touche-a-tout.ch\/","name":"Touche \u00e0 Tout","description":"Nettoyage entretien conciergerie Ch\u00e2teau D\u2019Oex Chablais","potentialAction":[{"@type":"SearchAction","target":{"@type":"EntryPoint","urlTemplate":"https:\/\/www.touche-a-tout.ch\/?s={search_term_string}"},"query-input":{"@type":"PropertyValueSpecification","valueRequired":true,"valueName":"search_term_string"}}],"inLanguage":"en-US"}]}},"_links":{"self":[{"href":"https:\/\/www.touche-a-tout.ch\/en\/wp-json\/wp\/v2\/pages\/581","targetHints":{"allow":["GET"]}}],"collection":[{"href":"https:\/\/www.touche-a-tout.ch\/en\/wp-json\/wp\/v2\/pages"}],"about":[{"href":"https:\/\/www.touche-a-tout.ch\/en\/wp-json\/wp\/v2\/types\/page"}],"author":[{"embeddable":true,"href":"https:\/\/www.touche-a-tout.ch\/en\/wp-json\/wp\/v2\/users\/1"}],"replies":[{"embeddable":true,"href":"https:\/\/www.touche-a-tout.ch\/en\/wp-json\/wp\/v2\/comments?post=581"}],"version-history":[{"count":6,"href":"https:\/\/www.touche-a-tout.ch\/en\/wp-json\/wp\/v2\/pages\/581\/revisions"}],"predecessor-version":[{"id":739,"href":"https:\/\/www.touche-a-tout.ch\/en\/wp-json\/wp\/v2\/pages\/581\/revisions\/739"}],"wp:attachment":[{"href":"https:\/\/www.touche-a-tout.ch\/en\/wp-json\/wp\/v2\/media?parent=581"}],"curies":[{"name":"wp","href":"https:\/\/api.w.org\/{rel}","templated":true}]}}