{"id":599,"date":"2019-11-04T12:02:47","date_gmt":"2019-11-04T11:02:47","guid":{"rendered":"https:\/\/www.touche-a-tout.ch\/?page_id=599"},"modified":"2021-11-17T22:26:14","modified_gmt":"2021-11-17T21:26:14","slug":"contact","status":"publish","type":"page","link":"https:\/\/www.touche-a-tout.ch\/en\/contact\/","title":{"rendered":"CONTACT"},"content":{"rendered":"<p>[et_pb_section fb_built=&#8221;1&#8243; _builder_version=&#8221;3.22&#8243; background_color=&#8221;#000000&#8243;][et_pb_row column_structure=&#8221;1_2,1_2&#8243; _builder_version=&#8221;4.0.3&#8243; hover_enabled=&#8221;0&#8243;][et_pb_column type=&#8221;1_2&#8243; _builder_version=&#8221;4.0.3&#8243; custom_padding=&#8221;0px||||false|false&#8221; hover_enabled=&#8221;0&#8243; custom_padding__hover=&#8221;|||&#8221;][et_pb_image src=&#8221;https:\/\/www.touche-a-tout.ch\/wp-content\/uploads\/2018\/05\/Touche-a-tout-01_logo.png&#8221; align=&#8221;center&#8221; align_tablet=&#8221;center&#8221; align_phone=&#8221;&#8221; align_last_edited=&#8221;on|desktop&#8221; _builder_version=&#8221;3.23&#8243; max_width=&#8221;60%&#8221; always_center_on_mobile=&#8221;on&#8221;][\/et_pb_image][et_pb_text _builder_version=&#8221;4.0.3&#8243;]<\/p>\n<p style=\"text-align: center;\"><strong>Address<\/strong><br \/>\nRue du Closalet 14,<br \/>\nCh\u00e2teau d&#8217;Oex<\/p>\n<p style=\"text-align: center;\"><strong>Tel<\/strong><br \/>\n<a href=\"tel:079 874 60 21\">079 874 60 21<\/a><\/p>\n<p style=\"text-align: center;\"><strong>Email<\/strong><br \/>\n<a href=\"mailto:info@touche-a-tout.ch\">info@touche-a-tout.ch<\/a><\/p>\n<p>[\/et_pb_text][\/et_pb_column][et_pb_column type=&#8221;1_2&#8243; _builder_version=&#8221;3.25&#8243; custom_padding=&#8221;|||&#8221; custom_padding__hover=&#8221;|||&#8221;][et_pb_code _builder_version=&#8221;4.0.3&#8243; custom_margin_tablet=&#8221;&#8221; custom_margin_phone=&#8221;|||20px|false|false&#8221; custom_margin_last_edited=&#8221;on|phone&#8221;]\n<div class=\"wpcf7 no-js\" id=\"wpcf7-f631-o1\" lang=\"fr-FR\" dir=\"ltr\" data-wpcf7-id=\"631\">\n<div class=\"screen-reader-response\"><p role=\"status\" aria-live=\"polite\" aria-atomic=\"true\"><\/p> <ul><\/ul><\/div>\n<form action=\"\/en\/wp-json\/wp\/v2\/pages\/599#wpcf7-f631-o1\" method=\"post\" class=\"wpcf7-form init wpcf7-acceptance-as-validation\" aria-label=\"Formulaire de contact\" novalidate=\"novalidate\" data-status=\"init\">\n<fieldset class=\"hidden-fields-container\"><input type=\"hidden\" name=\"_wpcf7\" value=\"631\" \/><input type=\"hidden\" name=\"_wpcf7_version\" value=\"6.1.5\" \/><input type=\"hidden\" name=\"_wpcf7_locale\" value=\"fr_FR\" \/><input type=\"hidden\" name=\"_wpcf7_unit_tag\" value=\"wpcf7-f631-o1\" \/><input type=\"hidden\" name=\"_wpcf7_container_post\" value=\"0\" \/><input type=\"hidden\" name=\"_wpcf7_posted_data_hash\" value=\"\" \/><input type=\"hidden\" name=\"_wpcf7_recaptcha_response\" value=\"\" \/>\n<\/fieldset>\n<p><label> Name *<br \/>\n<span class=\"wpcf7-form-control-wrap\" data-name=\"your-name\"><input size=\"40\" maxlength=\"400\" class=\"wpcf7-form-control wpcf7-text wpcf7-validates-as-required\" aria-required=\"true\" aria-invalid=\"false\" value=\"\" type=\"text\" name=\"your-name\" \/><\/span> <\/label>\n<\/p>\n<p><label> Email *<br \/>\n<span class=\"wpcf7-form-control-wrap\" data-name=\"your-email\"><input size=\"40\" maxlength=\"400\" class=\"wpcf7-form-control wpcf7-email wpcf7-validates-as-required wpcf7-text wpcf7-validates-as-email\" aria-required=\"true\" aria-invalid=\"false\" value=\"\" type=\"email\" name=\"your-email\" \/><\/span> <\/label>\n<\/p>\n<p><label> Phone<br \/>\n<span class=\"wpcf7-form-control-wrap\" data-name=\"your-phone\"><input size=\"40\" maxlength=\"400\" class=\"wpcf7-form-control wpcf7-text wpcf7-validates-as-required\" aria-required=\"true\" aria-invalid=\"false\" value=\"\" type=\"text\" name=\"your-phone\" \/><\/span> <\/label>\n<\/p>\n<p><label> Subject<br \/>\n<span class=\"wpcf7-form-control-wrap\" data-name=\"menu-193\"><select class=\"wpcf7-form-control wpcf7-select\" aria-invalid=\"false\" multiple=\"multiple\" name=\"menu-193[]\"><option value=\"MAINTENANCE CLEANING\">MAINTENANCE CLEANING<\/option><option value=\"CONSTRUCTION SITE CLEANING\">CONSTRUCTION SITE CLEANING<\/option><option value=\"EVERYTHING FOR THE HOME\">EVERYTHING FOR THE HOME<\/option><option value=\"CONCIERGE SERVICES\">CONCIERGE SERVICES<\/option><option value=\"GARDEN MAINTENANCE\">GARDEN MAINTENANCE<\/option><option value=\"WINDOW CLEANING\">WINDOW CLEANING<\/option><\/select><\/span> <\/label>\n<\/p>\n<p><label> Message<br \/>\n<span class=\"wpcf7-form-control-wrap\" data-name=\"your-message\"><textarea cols=\"40\" rows=\"10\" maxlength=\"2000\" class=\"wpcf7-form-control wpcf7-textarea\" aria-invalid=\"false\" name=\"your-message\"><\/textarea><\/span> <\/label>\n<\/p>\n<p><span class=\"wpcf7-form-control-wrap\" data-name=\"cmplz-acceptance\"><span class=\"wpcf7-form-control wpcf7-acceptance\"><span class=\"wpcf7-list-item\"><label><input type=\"checkbox\" name=\"cmplz-acceptance\" value=\"1\" aria-invalid=\"false\" \/><span class=\"wpcf7-list-item-label\">To submit this form, you must accept our <a href=\"\/en\/privacy-policy\/\" target=\"_blank\">Privacy Policy<\/a><\/span><\/label><\/span><\/span><\/span>\n<\/p>\n<p><input class=\"wpcf7-form-control wpcf7-submit has-spinner\" type=\"submit\" value=\"Envoyer\" \/>\n<\/p><div class=\"wpcf7-response-output\" aria-hidden=\"true\"><\/div>\n<\/form>\n<\/div>\n[\/et_pb_code][\/et_pb_column][\/et_pb_row][\/et_pb_section][et_pb_section fb_built=&#8221;1&#8243; fullwidth=&#8221;on&#8221; _builder_version=&#8221;3.22&#8243;][et_pb_fullwidth_code]<iframe loading=\"lazy\" src=\"https:\/\/www.google.com\/maps\/embed?pb=!1m18!1m12!1m3!1d2747.696724437233!2d7.153559115703286!3d46.47451487348094!2m3!1f0!2f0!3f0!3m2!1i1024!2i768!4f13.1!3m3!1m2!1s0x478e8d48da538609%3A0x27edfb38ee6a502b!2sTouche+%C3%A0+Tout+-+Nettoyage+%C2%B7+Conciergerie+%C2%B7+Entretien+de+jardin+%C2%B7+D%C3%A9neigement+%C2%B7+Ma%C3%A7onnerie+%C2%B7+Cl%C3%B4tures!5e0!3m2!1sfr!2sma!4v1529931215293\" width=\"100%\" height=\"450\" frameborder=\"0\" style=\"border:0\" allowfullscreen><\/iframe>[\/et_pb_fullwidth_code][\/et_pb_section]<\/p>\n","protected":false},"excerpt":{"rendered":"<p>Address Rue du Closalet 14, Ch\u00e2teau d&#8217;Oex Tel 079 874 60 21 Email info@touche-a-tout.ch\n<div class=\"wpcf7 no-js\" id=\"wpcf7-f631-o2\" lang=\"fr-FR\" dir=\"ltr\" data-wpcf7-id=\"631\">\n<div class=\"screen-reader-response\"><p role=\"status\" aria-live=\"polite\" aria-atomic=\"true\"><\/p> <ul><\/ul><\/div>\n<form action=\"\/en\/wp-json\/wp\/v2\/pages\/599#wpcf7-f631-o2\" method=\"post\" class=\"wpcf7-form init wpcf7-acceptance-as-validation\" aria-label=\"Formulaire de contact\" novalidate=\"novalidate\" data-status=\"init\">\n<fieldset class=\"hidden-fields-container\"><input type=\"hidden\" name=\"_wpcf7\" value=\"631\" \/><input type=\"hidden\" name=\"_wpcf7_version\" value=\"6.1.5\" \/><input type=\"hidden\" name=\"_wpcf7_locale\" value=\"fr_FR\" \/><input type=\"hidden\" name=\"_wpcf7_unit_tag\" value=\"wpcf7-f631-o2\" \/><input type=\"hidden\" name=\"_wpcf7_container_post\" value=\"0\" \/><input type=\"hidden\" name=\"_wpcf7_posted_data_hash\" value=\"\" \/><input type=\"hidden\" name=\"_wpcf7_recaptcha_response\" value=\"\" \/>\n<\/fieldset>\n<p><label> Name *<br \/>\n<span class=\"wpcf7-form-control-wrap\" data-name=\"your-name\"><input size=\"40\" maxlength=\"400\" class=\"wpcf7-form-control wpcf7-text wpcf7-validates-as-required\" aria-required=\"true\" aria-invalid=\"false\" value=\"\" type=\"text\" name=\"your-name\" \/><\/span> <\/label>\n<\/p>\n<p><label> Email *<br \/>\n<span class=\"wpcf7-form-control-wrap\" data-name=\"your-email\"><input size=\"40\" maxlength=\"400\" class=\"wpcf7-form-control wpcf7-email wpcf7-validates-as-required wpcf7-text wpcf7-validates-as-email\" aria-required=\"true\" aria-invalid=\"false\" value=\"\" type=\"email\" name=\"your-email\" \/><\/span> <\/label>\n<\/p>\n<p><label> Phone<br \/>\n<span class=\"wpcf7-form-control-wrap\" data-name=\"your-phone\"><input size=\"40\" maxlength=\"400\" class=\"wpcf7-form-control wpcf7-text wpcf7-validates-as-required\" aria-required=\"true\" aria-invalid=\"false\" value=\"\" type=\"text\" name=\"your-phone\" \/><\/span> <\/label>\n<\/p>\n<p><label> Subject<br \/>\n<span class=\"wpcf7-form-control-wrap\" data-name=\"menu-193\"><select class=\"wpcf7-form-control wpcf7-select\" aria-invalid=\"false\" multiple=\"multiple\" name=\"menu-193[]\"><option value=\"MAINTENANCE CLEANING\">MAINTENANCE CLEANING<\/option><option value=\"CONSTRUCTION SITE CLEANING\">CONSTRUCTION SITE CLEANING<\/option><option value=\"EVERYTHING FOR THE HOME\">EVERYTHING FOR THE HOME<\/option><option value=\"CONCIERGE SERVICES\">CONCIERGE SERVICES<\/option><option value=\"GARDEN MAINTENANCE\">GARDEN MAINTENANCE<\/option><option value=\"WINDOW CLEANING\">WINDOW CLEANING<\/option><\/select><\/span> <\/label>\n<\/p>\n<p><label> Message<br \/>\n<span class=\"wpcf7-form-control-wrap\" data-name=\"your-message\"><textarea cols=\"40\" rows=\"10\" maxlength=\"2000\" class=\"wpcf7-form-control wpcf7-textarea\" aria-invalid=\"false\" name=\"your-message\"><\/textarea><\/span> <\/label>\n<\/p>\n<p><span class=\"wpcf7-form-control-wrap\" data-name=\"cmplz-acceptance\"><span class=\"wpcf7-form-control wpcf7-acceptance\"><span class=\"wpcf7-list-item\"><label><input type=\"checkbox\" name=\"cmplz-acceptance\" value=\"1\" aria-invalid=\"false\" \/><span class=\"wpcf7-list-item-label\">To submit this form, you must accept our <a href=\"\/en\/privacy-policy\/\" target=\"_blank\">Privacy Policy<\/a><\/span><\/label><\/span><\/span><\/span>\n<\/p>\n<p><input class=\"wpcf7-form-control wpcf7-submit has-spinner\" type=\"submit\" value=\"Envoyer\" \/>\n<\/p><div class=\"wpcf7-response-output\" aria-hidden=\"true\"><\/div>\n<\/form>\n<\/div>\n<\/p>\n","protected":false},"author":1,"featured_media":0,"parent":0,"menu_order":0,"comment_status":"closed","ping_status":"closed","template":"","meta":{"_et_pb_use_builder":"on","_et_pb_old_content":"","_et_gb_content_width":"","footnotes":""},"class_list":["post-599","page","type-page","status-publish","hentry"],"yoast_head":"<!-- This site is optimized with the Yoast SEO plugin v27.4 - https:\/\/yoast.com\/product\/yoast-seo-wordpress\/ -->\n<title>Touche \u00e0 tout | Contact<\/title>\n<meta name=\"description\" content=\"Contact Touche \u00e0 Tout in Ch\u00e2teau D&#039;Oex by email or by phone for any questions or inquiries regarding post construction cleaning, window cleaning, concierge services, apartment, chalet and garden maintenance, snow removal, masonry work and fencing. Gstaad region.\" \/>\n<meta name=\"robots\" content=\"index, follow, max-snippet:-1, max-image-preview:large, max-video-preview:-1\" \/>\n<link rel=\"canonical\" href=\"https:\/\/www.touche-a-tout.ch\/en\/contact\/\" \/>\n<meta property=\"og:locale\" content=\"en_US\" \/>\n<meta property=\"og:type\" content=\"article\" \/>\n<meta property=\"og:title\" content=\"Touche \u00e0 tout | Contact\" \/>\n<meta property=\"og:description\" content=\"Contact Touche \u00e0 Tout in Ch\u00e2teau D&#039;Oex by email or by phone for any questions or inquiries regarding post construction cleaning, window cleaning, concierge services, apartment, chalet and garden maintenance, snow removal, masonry work and fencing. Gstaad region.\" \/>\n<meta property=\"og:url\" content=\"https:\/\/www.touche-a-tout.ch\/en\/contact\/\" \/>\n<meta property=\"og:site_name\" content=\"Touche \u00e0 Tout\" \/>\n<meta property=\"article:modified_time\" content=\"2021-11-17T21:26:14+00:00\" \/>\n<meta name=\"twitter:card\" content=\"summary_large_image\" \/>\n<meta name=\"twitter:label1\" content=\"Est. reading time\" \/>\n\t<meta name=\"twitter:data1\" content=\"1 minute\" \/>\n<script type=\"application\/ld+json\" class=\"yoast-schema-graph\">{\"@context\":\"https:\\\/\\\/schema.org\",\"@graph\":[{\"@type\":\"WebPage\",\"@id\":\"https:\\\/\\\/www.touche-a-tout.ch\\\/en\\\/contact\\\/\",\"url\":\"https:\\\/\\\/www.touche-a-tout.ch\\\/en\\\/contact\\\/\",\"name\":\"Touche \u00e0 tout | Contact\",\"isPartOf\":{\"@id\":\"https:\\\/\\\/www.touche-a-tout.ch\\\/#website\"},\"datePublished\":\"2019-11-04T11:02:47+00:00\",\"dateModified\":\"2021-11-17T21:26:14+00:00\",\"description\":\"Contact Touche \u00e0 Tout in Ch\u00e2teau D'Oex by email or by phone for any questions or inquiries regarding post construction cleaning, window cleaning, concierge services, apartment, chalet and garden maintenance, snow removal, masonry work and fencing. Gstaad region.\",\"breadcrumb\":{\"@id\":\"https:\\\/\\\/www.touche-a-tout.ch\\\/en\\\/contact\\\/#breadcrumb\"},\"inLanguage\":\"en-US\",\"potentialAction\":[{\"@type\":\"ReadAction\",\"target\":[\"https:\\\/\\\/www.touche-a-tout.ch\\\/en\\\/contact\\\/\"]}]},{\"@type\":\"BreadcrumbList\",\"@id\":\"https:\\\/\\\/www.touche-a-tout.ch\\\/en\\\/contact\\\/#breadcrumb\",\"itemListElement\":[{\"@type\":\"ListItem\",\"position\":1,\"name\":\"Accueil\",\"item\":\"https:\\\/\\\/www.touche-a-tout.ch\\\/en\\\/\"},{\"@type\":\"ListItem\",\"position\":2,\"name\":\"CONTACT\"}]},{\"@type\":\"WebSite\",\"@id\":\"https:\\\/\\\/www.touche-a-tout.ch\\\/#website\",\"url\":\"https:\\\/\\\/www.touche-a-tout.ch\\\/\",\"name\":\"Touche \u00e0 Tout\",\"description\":\"Nettoyage entretien conciergerie Ch\u00e2teau D\u2019Oex Chablais\",\"potentialAction\":[{\"@type\":\"SearchAction\",\"target\":{\"@type\":\"EntryPoint\",\"urlTemplate\":\"https:\\\/\\\/www.touche-a-tout.ch\\\/?s={search_term_string}\"},\"query-input\":{\"@type\":\"PropertyValueSpecification\",\"valueRequired\":true,\"valueName\":\"search_term_string\"}}],\"inLanguage\":\"en-US\"}]}<\/script>\n<!-- \/ Yoast SEO plugin. -->","yoast_head_json":{"title":"Touche \u00e0 tout | Contact","description":"Contact Touche \u00e0 Tout in Ch\u00e2teau D'Oex by email or by phone for any questions or inquiries regarding post construction cleaning, window cleaning, concierge services, apartment, chalet and garden maintenance, snow removal, masonry work and fencing. Gstaad region.","robots":{"index":"index","follow":"follow","max-snippet":"max-snippet:-1","max-image-preview":"max-image-preview:large","max-video-preview":"max-video-preview:-1"},"canonical":"https:\/\/www.touche-a-tout.ch\/en\/contact\/","og_locale":"en_US","og_type":"article","og_title":"Touche \u00e0 tout | Contact","og_description":"Contact Touche \u00e0 Tout in Ch\u00e2teau D'Oex by email or by phone for any questions or inquiries regarding post construction cleaning, window cleaning, concierge services, apartment, chalet and garden maintenance, snow removal, masonry work and fencing. Gstaad region.","og_url":"https:\/\/www.touche-a-tout.ch\/en\/contact\/","og_site_name":"Touche \u00e0 Tout","article_modified_time":"2021-11-17T21:26:14+00:00","twitter_card":"summary_large_image","twitter_misc":{"Est. reading time":"1 minute"},"schema":{"@context":"https:\/\/schema.org","@graph":[{"@type":"WebPage","@id":"https:\/\/www.touche-a-tout.ch\/en\/contact\/","url":"https:\/\/www.touche-a-tout.ch\/en\/contact\/","name":"Touche \u00e0 tout | Contact","isPartOf":{"@id":"https:\/\/www.touche-a-tout.ch\/#website"},"datePublished":"2019-11-04T11:02:47+00:00","dateModified":"2021-11-17T21:26:14+00:00","description":"Contact Touche \u00e0 Tout in Ch\u00e2teau D'Oex by email or by phone for any questions or inquiries regarding post construction cleaning, window cleaning, concierge services, apartment, chalet and garden maintenance, snow removal, masonry work and fencing. Gstaad region.","breadcrumb":{"@id":"https:\/\/www.touche-a-tout.ch\/en\/contact\/#breadcrumb"},"inLanguage":"en-US","potentialAction":[{"@type":"ReadAction","target":["https:\/\/www.touche-a-tout.ch\/en\/contact\/"]}]},{"@type":"BreadcrumbList","@id":"https:\/\/www.touche-a-tout.ch\/en\/contact\/#breadcrumb","itemListElement":[{"@type":"ListItem","position":1,"name":"Accueil","item":"https:\/\/www.touche-a-tout.ch\/en\/"},{"@type":"ListItem","position":2,"name":"CONTACT"}]},{"@type":"WebSite","@id":"https:\/\/www.touche-a-tout.ch\/#website","url":"https:\/\/www.touche-a-tout.ch\/","name":"Touche \u00e0 Tout","description":"Nettoyage entretien conciergerie Ch\u00e2teau D\u2019Oex Chablais","potentialAction":[{"@type":"SearchAction","target":{"@type":"EntryPoint","urlTemplate":"https:\/\/www.touche-a-tout.ch\/?s={search_term_string}"},"query-input":{"@type":"PropertyValueSpecification","valueRequired":true,"valueName":"search_term_string"}}],"inLanguage":"en-US"}]}},"_links":{"self":[{"href":"https:\/\/www.touche-a-tout.ch\/en\/wp-json\/wp\/v2\/pages\/599","targetHints":{"allow":["GET"]}}],"collection":[{"href":"https:\/\/www.touche-a-tout.ch\/en\/wp-json\/wp\/v2\/pages"}],"about":[{"href":"https:\/\/www.touche-a-tout.ch\/en\/wp-json\/wp\/v2\/types\/page"}],"author":[{"embeddable":true,"href":"https:\/\/www.touche-a-tout.ch\/en\/wp-json\/wp\/v2\/users\/1"}],"replies":[{"embeddable":true,"href":"https:\/\/www.touche-a-tout.ch\/en\/wp-json\/wp\/v2\/comments?post=599"}],"version-history":[{"count":9,"href":"https:\/\/www.touche-a-tout.ch\/en\/wp-json\/wp\/v2\/pages\/599\/revisions"}],"predecessor-version":[{"id":709,"href":"https:\/\/www.touche-a-tout.ch\/en\/wp-json\/wp\/v2\/pages\/599\/revisions\/709"}],"wp:attachment":[{"href":"https:\/\/www.touche-a-tout.ch\/en\/wp-json\/wp\/v2\/media?parent=599"}],"curies":[{"name":"wp","href":"https:\/\/api.w.org\/{rel}","templated":true}]}}